{"id":417,"date":"2025-06-27T16:26:50","date_gmt":"2025-06-27T14:26:50","guid":{"rendered":"https:\/\/lakinesfera.com\/?page_id=417"},"modified":"2026-03-25T15:10:17","modified_gmt":"2026-03-25T14:10:17","slug":"contacto","status":"publish","type":"page","link":"https:\/\/lakinesfera.com\/en\/contacto\/","title":{"rendered":"Contact"},"content":{"rendered":"\t\t<div data-elementor-type=\"wp-page\" data-elementor-id=\"417\" class=\"elementor elementor-417\" data-elementor-post-type=\"page\">\n\t\t\t\t<div class=\"elementor-element elementor-element-2f19dc7 e-flex e-con-boxed e-con e-parent\" data-id=\"2f19dc7\" data-element_type=\"container\" data-e-type=\"container\" data-settings=\"{&quot;background_background&quot;:&quot;classic&quot;}\">\n\t\t\t\t\t<div class=\"e-con-inner\">\n\t\t<div class=\"elementor-element elementor-element-c18f515 e-con-full e-flex e-con e-child\" data-id=\"c18f515\" data-element_type=\"container\" data-e-type=\"container\">\n\t\t\t\t<div class=\"elementor-element elementor-element-cca2224 elementor-widget elementor-widget-image\" data-id=\"cca2224\" data-element_type=\"widget\" data-e-type=\"widget\" data-widget_type=\"image.default\">\n\t\t\t\t\t\t\t\t\t\t\t\t\t\t\t<img fetchpriority=\"high\" decoding=\"async\" width=\"2560\" height=\"1708\" src=\"https:\/\/lakinesfera.com\/wp-content\/uploads\/2026\/03\/image_7414-scaled.webp\" class=\"attachment-full size-full wp-image-753\" alt=\"contactanos\" srcset=\"https:\/\/lakinesfera.com\/wp-content\/uploads\/2026\/03\/image_7414-scaled.webp 2560w, https:\/\/lakinesfera.com\/wp-content\/uploads\/2026\/03\/image_7414-300x200.webp 300w, https:\/\/lakinesfera.com\/wp-content\/uploads\/2026\/03\/image_7414-1024x683.webp 1024w, https:\/\/lakinesfera.com\/wp-content\/uploads\/2026\/03\/image_7414-768x512.webp 768w, https:\/\/lakinesfera.com\/wp-content\/uploads\/2026\/03\/image_7414-1536x1025.webp 1536w, https:\/\/lakinesfera.com\/wp-content\/uploads\/2026\/03\/image_7414-2048x1367.webp 2048w, https:\/\/lakinesfera.com\/wp-content\/uploads\/2026\/03\/image_7414-18x12.webp 18w\" sizes=\"(max-width: 2560px) 100vw, 2560px\" \/>\t\t\t\t\t\t\t\t\t\t\t\t\t\t\t<\/div>\n\t\t\t\t<div class=\"elementor-element elementor-element-ca250f8 elementor-widget__width-initial elementor-invisible elementor-widget elementor-widget-heading\" data-id=\"ca250f8\" data-element_type=\"widget\" data-e-type=\"widget\" data-settings=\"{&quot;_animation&quot;:&quot;fadeIn&quot;}\" data-widget_type=\"heading.default\">\n\t\t\t\t\t<h1 class=\"elementor-heading-title elementor-size-default\">Cont\u00e1ctanos<\/h1>\t\t\t\t<\/div>\n\t\t\t\t<div class=\"elementor-element elementor-element-ddf543b elementor-widget elementor-widget-text-editor\" data-id=\"ddf543b\" data-element_type=\"widget\" data-e-type=\"widget\" data-widget_type=\"text-editor.default\">\n\t\t\t\t\t\t\t\t\t<p>Si ya tienes claro que el movimiento es lo que buscas y quieres seguir desarroll\u00e1ndote con \u00e9l. \u00a1Cont\u00e1ctanos!<\/p>\t\t\t\t\t\t\t\t<\/div>\n\t\t\t\t<div class=\"elementor-element elementor-element-b5e7814 elementor-icon-list--layout-traditional elementor-list-item-link-full_width elementor-widget elementor-widget-icon-list\" data-id=\"b5e7814\" data-element_type=\"widget\" data-e-type=\"widget\" data-widget_type=\"icon-list.default\">\n\t\t\t\t\t\t\t<ul class=\"elementor-icon-list-items\">\n\t\t\t\t\t\t\t<li class=\"elementor-icon-list-item\">\n\t\t\t\t\t\t\t\t\t\t\t<a href=\"mailto:info@pacobazan.es\">\n\n\t\t\t\t\t\t\t\t\t\t\t\t<span class=\"elementor-icon-list-icon\">\n\t\t\t\t\t\t\t<svg aria-hidden=\"true\" class=\"e-font-icon-svg e-far-envelope\" viewBox=\"0 0 512 512\" xmlns=\"http:\/\/www.w3.org\/2000\/svg\"><path d=\"M464 64H48C21.49 64 0 85.49 0 112v288c0 26.51 21.49 48 48 48h416c26.51 0 48-21.49 48-48V112c0-26.51-21.49-48-48-48zm0 48v40.805c-22.422 18.259-58.168 46.651-134.587 106.49-16.841 13.247-50.201 45.072-73.413 44.701-23.208.375-56.579-31.459-73.413-44.701C106.18 199.465 70.425 171.067 48 152.805V112h416zM48 400V214.398c22.914 18.251 55.409 43.862 104.938 82.646 21.857 17.205 60.134 55.186 103.062 54.955 42.717.231 80.509-37.199 103.053-54.947 49.528-38.783 82.032-64.401 104.947-82.653V400H48z\"><\/path><\/svg>\t\t\t\t\t\t<\/span>\n\t\t\t\t\t\t\t\t\t\t<span class=\"elementor-icon-list-text\">hola@lakinesfera.com<\/span>\n\t\t\t\t\t\t\t\t\t\t\t<\/a>\n\t\t\t\t\t\t\t\t\t<\/li>\n\t\t\t\t\t\t\t\t<li class=\"elementor-icon-list-item\">\n\t\t\t\t\t\t\t\t\t\t\t<a href=\"tel:+34623100809\">\n\n\t\t\t\t\t\t\t\t\t\t\t\t<span class=\"elementor-icon-list-icon\">\n\t\t\t\t\t\t\t<svg aria-hidden=\"true\" class=\"e-font-icon-svg e-fas-phone-alt\" viewBox=\"0 0 512 512\" xmlns=\"http:\/\/www.w3.org\/2000\/svg\"><path d=\"M497.39 361.8l-112-48a24 24 0 0 0-28 6.9l-49.6 60.6A370.66 370.66 0 0 1 130.6 204.11l60.6-49.6a23.94 23.94 0 0 0 6.9-28l-48-112A24.16 24.16 0 0 0 122.6.61l-104 24A24 24 0 0 0 0 48c0 256.5 207.9 464 464 464a24 24 0 0 0 23.4-18.6l24-104a24.29 24.29 0 0 0-14.01-27.6z\"><\/path><\/svg>\t\t\t\t\t\t<\/span>\n\t\t\t\t\t\t\t\t\t\t<span class=\"elementor-icon-list-text\">+34 623 100 809<\/span>\n\t\t\t\t\t\t\t\t\t\t\t<\/a>\n\t\t\t\t\t\t\t\t\t<\/li>\n\t\t\t\t\t\t<\/ul>\n\t\t\t\t\t\t<\/div>\n\t\t\t\t<\/div>\n\t\t\t\t<div class=\"elementor-element elementor-element-110818f olab-contact-form elementor-widget__width-initial elementor-button-align-stretch elementor-widget elementor-widget-form\" data-id=\"110818f\" data-element_type=\"widget\" data-e-type=\"widget\" data-settings=\"{&quot;step_next_label&quot;:&quot;Siguiente&quot;,&quot;step_previous_label&quot;:&quot;Anterior&quot;,&quot;button_width&quot;:&quot;100&quot;,&quot;step_type&quot;:&quot;number_text&quot;,&quot;step_icon_shape&quot;:&quot;circle&quot;}\" data-widget_type=\"form.default\">\n\t\t\t\t\t\t\t<form class=\"elementor-form\" method=\"post\" name=\"Formulario de P\u00e1gina de Contacto\" aria-label=\"Formulario de P\u00e1gina de Contacto\">\n\t\t\t<input type=\"hidden\" name=\"post_id\" value=\"417\"\/>\n\t\t\t<input type=\"hidden\" name=\"form_id\" value=\"110818f\"\/>\n\t\t\t<input type=\"hidden\" name=\"referer_title\" value=\"Cont\u00e1ctanos, Escuela de danza en C\u00e1diz. | La Kinesfera\" \/>\n\n\t\t\t\t\t\t\t<input type=\"hidden\" name=\"queried_id\" value=\"417\"\/>\n\t\t\t\n\t\t\t<div class=\"elementor-form-fields-wrapper elementor-labels-above\">\n\t\t\t\t\t\t\t\t<div class=\"elementor-field-type-text elementor-field-group elementor-column elementor-field-group-name elementor-col-100\">\n\t\t\t\t\t\t\t\t\t\t\t\t<label for=\"form-field-name\" class=\"elementor-field-label\">\n\t\t\t\t\t\t\t\tTu nombre\t\t\t\t\t\t\t<\/label>\n\t\t\t\t\t\t\t\t\t\t\t\t\t\t<input size=\"1\" type=\"text\" name=\"form_fields[name]\" id=\"form-field-name\" class=\"elementor-field elementor-size-sm  elementor-field-textual\" placeholder=\"Nombre\">\n\t\t\t\t\t\t\t\t\t\t\t<\/div>\n\t\t\t\t\t\t\t\t<div class=\"elementor-field-type-email elementor-field-group elementor-column elementor-field-group-email elementor-col-100 elementor-field-required elementor-mark-required\">\n\t\t\t\t\t\t\t\t\t\t\t\t<label for=\"form-field-email\" class=\"elementor-field-label\">\n\t\t\t\t\t\t\t\tTu Mail\t\t\t\t\t\t\t<\/label>\n\t\t\t\t\t\t\t\t\t\t\t\t\t\t<input size=\"1\" type=\"email\" name=\"form_fields[email]\" id=\"form-field-email\" class=\"elementor-field elementor-size-sm  elementor-field-textual\" placeholder=\"Email\" required=\"required\">\n\t\t\t\t\t\t\t\t\t\t\t<\/div>\n\t\t\t\t\t\t\t\t<div class=\"elementor-field-type-tel elementor-field-group elementor-column elementor-field-group-field_f12bae0 elementor-col-100 elementor-field-required elementor-mark-required\">\n\t\t\t\t\t\t\t\t\t\t\t\t<label for=\"form-field-field_f12bae0\" class=\"elementor-field-label\">\n\t\t\t\t\t\t\t\tTu Tel\u00e9fono\t\t\t\t\t\t\t<\/label>\n\t\t\t\t\t\t\t\t<input size=\"1\" type=\"tel\" name=\"form_fields[field_f12bae0]\" id=\"form-field-field_f12bae0\" class=\"elementor-field elementor-size-sm  elementor-field-textual\" placeholder=\"Tel\u00e9fono\" required=\"required\" pattern=\"[0-9()#&amp;+*-=.]+\" title=\"Only numbers and phone characters (#, -, *, etc) are accepted.\">\n\n\t\t\t\t\t\t<\/div>\n\t\t\t\t\t\t\t\t<div class=\"elementor-field-type-text\">\n\t\t\t\t\t<input size=\"1\" type=\"text\" name=\"form_fields[field_8ad274f]\" id=\"form-field-field_8ad274f\" class=\"elementor-field elementor-size-sm \" style=\"display:none !important;\">\t\t\t\t<\/div>\n\t\t\t\t\t\t\t\t<div class=\"elementor-field-type-acceptance elementor-field-group elementor-column elementor-field-group-field_6e21b72 elementor-col-100\">\n\t\t\t\t\t\t\t<div class=\"elementor-field-subgroup\">\n\t\t\t<span class=\"elementor-field-option\">\n\t\t\t\t<input type=\"checkbox\" name=\"form_fields[field_6e21b72]\" id=\"form-field-field_6e21b72\" class=\"elementor-field elementor-size-sm  elementor-acceptance-field\">\n\t\t\t\t<label for=\"form-field-field_6e21b72\">Acepto la <a style=\"font-weight: 700; text-decoration: underline;\" href=\"\/politica-privacidad\">pol\u00edtica de privacidad<\/a><\/label>\t\t\t<\/span>\n\t\t<\/div>\n\t\t\t\t\t\t<\/div>\n\t\t\t\t\t\t\t\t<div class=\"elementor-field-type-recaptcha_v3 elementor-field-group elementor-column elementor-field-group-field_b89f123 elementor-col-100 recaptcha_v3-bottomleft\">\n\t\t\t\t\t<div class=\"elementor-field\" id=\"form-field-field_b89f123\"><div class=\"elementor-g-recaptcha\" data-sitekey=\"6Lfze38rAAAAAJB275-D0CCyl1ZohWUSMQ0IEBR6\" data-type=\"v3\" data-action=\"Form\" data-badge=\"bottomleft\" data-size=\"invisible\"><\/div><\/div>\t\t\t\t<\/div>\n\t\t\t\t\t\t\t\t<div class=\"elementor-field-group elementor-column elementor-field-type-submit elementor-col-100 e-form__buttons\">\n\t\t\t\t\t<button class=\"elementor-button elementor-size-md\" type=\"submit\">\n\t\t\t\t\t\t<span class=\"elementor-button-content-wrapper\">\n\t\t\t\t\t\t\t\t\t\t\t\t\t\t\t\t\t\t\t\t\t\t<span class=\"elementor-button-text\">Enviar<\/span>\n\t\t\t\t\t\t\t\t\t\t\t\t\t<\/span>\n\t\t\t\t\t<\/button>\n\t\t\t\t<\/div>\n\t\t\t<\/div>\n\t\t<\/form>\n\t\t\t\t\t\t<\/div>\n\t\t\t\t\t<\/div>\n\t\t\t\t<\/div>\n\t\t<div class=\"elementor-element elementor-element-6157e8b e-flex e-con-boxed e-con e-parent\" data-id=\"6157e8b\" data-element_type=\"container\" data-e-type=\"container\" data-settings=\"{&quot;background_background&quot;:&quot;classic&quot;}\">\n\t\t\t\t\t<div class=\"e-con-inner\">\n\t\t<div class=\"elementor-element elementor-element-612ba9c e-con-full e-flex e-con e-child\" data-id=\"612ba9c\" data-element_type=\"container\" data-e-type=\"container\">\n\t\t\t\t<div class=\"elementor-element elementor-element-e0c763c elementor-widget__width-initial elementor-widget elementor-widget-heading\" data-id=\"e0c763c\" data-element_type=\"widget\" data-e-type=\"widget\" data-widget_type=\"heading.default\">\n\t\t\t\t\t<h2 class=\"elementor-heading-title elementor-size-default\">Somos La Kinesfera<\/h2>\t\t\t\t<\/div>\n\t\t\t\t<div class=\"elementor-element elementor-element-ef5f2cd elementor-widget__width-initial elementor-widget elementor-widget-text-editor\" data-id=\"ef5f2cd\" data-element_type=\"widget\" data-e-type=\"widget\" data-widget_type=\"text-editor.default\">\n\t\t\t\t\t\t\t\t\tEn La Kinesfera creemos que cada cuerpo tiene algo valioso que decir. Por eso creamos un espacio donde la danza no es solo t\u00e9cnica, sino tambi\u00e9n expresi\u00f3n, salud, conexi\u00f3n y crecimiento.\t\t\t\t\t\t\t\t<\/div>\n\t\t\t\t<\/div>\n\t\t<div class=\"elementor-element elementor-element-8f38130 e-con-full e-flex e-con e-child\" data-id=\"8f38130\" data-element_type=\"container\" data-e-type=\"container\">\n\t\t\t\t<div class=\"elementor-element elementor-element-c5eac34 elementor-widget elementor-widget-image\" data-id=\"c5eac34\" data-element_type=\"widget\" data-e-type=\"widget\" data-widget_type=\"image.default\">\n\t\t\t\t\t\t\t\t\t\t\t\t\t\t\t<img decoding=\"async\" width=\"540\" height=\"716\" src=\"https:\/\/lakinesfera.com\/wp-content\/uploads\/2025\/06\/emma-nunez-1.webp\" class=\"attachment-large size-large wp-image-506\" alt=\"Emma Nu\u00f1ez, Bailarina y Maestra de Danza Cl\u00e1sica, Contempor\u00e1nea y Psicodanza.\" srcset=\"https:\/\/lakinesfera.com\/wp-content\/uploads\/2025\/06\/emma-nunez-1.webp 540w, https:\/\/lakinesfera.com\/wp-content\/uploads\/2025\/06\/emma-nunez-1-226x300.webp 226w\" sizes=\"(max-width: 540px) 100vw, 540px\" \/>\t\t\t\t\t\t\t\t\t\t\t\t\t\t\t<\/div>\n\t\t\t\t<div class=\"elementor-element elementor-element-0ac7fe8 elementor-widget elementor-widget-heading\" data-id=\"0ac7fe8\" data-element_type=\"widget\" data-e-type=\"widget\" data-widget_type=\"heading.default\">\n\t\t\t\t\t<h3 class=\"elementor-heading-title elementor-size-default\">Emma Nu\u00f1ez<\/h3>\t\t\t\t<\/div>\n\t\t\t\t<div class=\"elementor-element elementor-element-6790f55 elementor-widget__width-initial elementor-widget elementor-widget-text-editor\" data-id=\"6790f55\" data-element_type=\"widget\" data-e-type=\"widget\" data-widget_type=\"text-editor.default\">\n\t\t\t\t\t\t\t\t\tBailarina y maestra. Apasionada del movimiento y formada en diversas disciplinas como danza cl\u00e1sica, contempor\u00e1nea y psicodanza, y a nivel pedag\u00f3gico, en Educaci\u00f3n Infantil, Psicopedagog\u00eda y entrenamiento personal.\t\t\t\t\t\t\t\t<\/div>\n\t\t\t\t<\/div>\n\t\t<div class=\"elementor-element elementor-element-a2be5f9 e-con-full e-flex e-con e-child\" data-id=\"a2be5f9\" data-element_type=\"container\" data-e-type=\"container\">\n\t\t\t\t<div class=\"elementor-element elementor-element-d173d22 elementor-widget elementor-widget-image\" data-id=\"d173d22\" data-element_type=\"widget\" data-e-type=\"widget\" data-widget_type=\"image.default\">\n\t\t\t\t\t\t\t\t\t\t\t\t\t\t\t<img decoding=\"async\" width=\"540\" height=\"716\" src=\"https:\/\/lakinesfera.com\/wp-content\/uploads\/2025\/06\/Irene-ballesteros.webp\" class=\"attachment-large size-large wp-image-507\" alt=\"Irene Ballesteros, Maestra y Pedagoga de Danza Cl\u00e1sica, Psicodanza y acrob\u00e1ticas.\" srcset=\"https:\/\/lakinesfera.com\/wp-content\/uploads\/2025\/06\/Irene-ballesteros.webp 540w, https:\/\/lakinesfera.com\/wp-content\/uploads\/2025\/06\/Irene-ballesteros-226x300.webp 226w\" sizes=\"(max-width: 540px) 100vw, 540px\" \/>\t\t\t\t\t\t\t\t\t\t\t\t\t\t\t<\/div>\n\t\t\t\t<div class=\"elementor-element elementor-element-8ce76ff elementor-widget elementor-widget-heading\" data-id=\"8ce76ff\" data-element_type=\"widget\" data-e-type=\"widget\" data-widget_type=\"heading.default\">\n\t\t\t\t\t<h3 class=\"elementor-heading-title elementor-size-default\">Irene Ballesteros<\/h3>\t\t\t\t<\/div>\n\t\t\t\t<div class=\"elementor-element elementor-element-2f7730e elementor-widget__width-initial elementor-widget elementor-widget-text-editor\" data-id=\"2f7730e\" data-element_type=\"widget\" data-e-type=\"widget\" data-widget_type=\"text-editor.default\">\n\t\t\t\t\t\t\t\t\t<p>Amante del arte, el movimiento y la pedagog\u00eda. Desde la infancia comenz\u00f3 a estar en contacto con la danza cl\u00e1sica y la psicodanza y a\u00f1os m\u00e1s tarde en discipllinas contempor\u00e1neas y acrob\u00e1ticas.<\/p>\t\t\t\t\t\t\t\t<\/div>\n\t\t\t\t<\/div>\n\t\t\t\t\t<\/div>\n\t\t\t\t<\/div>\n\t\t\t\t<\/div>\n\t\t","protected":false},"excerpt":{"rendered":"<p>Cont\u00e1ctanos Si ya tienes claro que el movimiento es lo que buscas y quieres seguir desarroll\u00e1ndote con \u00e9l. \u00a1Cont\u00e1ctanos! hola@lakinesfera.com +34 623 100 809 Somos La Kinesfera En La Kinesfera creemos que cada cuerpo tiene algo valioso que decir. Por eso creamos un espacio donde la danza no es solo t\u00e9cnica, sino tambi\u00e9n expresi\u00f3n, salud, [&hellip;]<\/p>\n","protected":false},"author":2,"featured_media":544,"parent":0,"menu_order":0,"comment_status":"closed","ping_status":"closed","template":"","meta":{"footnotes":""},"class_list":["post-417","page","type-page","status-publish","has-post-thumbnail","hentry"],"yoast_head":"<!-- This site is optimized with the Yoast SEO plugin v27.4 - https:\/\/yoast.com\/product\/yoast-seo-wordpress\/ -->\n<title>Cont\u00e1ctanos, Escuela de danza en C\u00e1diz. | La Kinesfera<\/title>\n<meta name=\"description\" content=\"Cont\u00e1ctanos hoy mismo. \u00bfTienes dudas o quieres apuntarte a nuestras clases de danza? Estamos en C\u00e1diz , La Kinesfera.\" \/>\n<meta name=\"robots\" content=\"index, follow, max-snippet:-1, max-image-preview:large, max-video-preview:-1\" \/>\n<link rel=\"canonical\" href=\"https:\/\/lakinesfera.com\/en\/contacto\/\" \/>\n<meta property=\"og:locale\" content=\"en_GB\" \/>\n<meta property=\"og:type\" content=\"article\" \/>\n<meta property=\"og:title\" content=\"Cont\u00e1ctanos, Escuela de danza en C\u00e1diz. | La Kinesfera\" \/>\n<meta property=\"og:description\" content=\"Cont\u00e1ctanos hoy mismo. \u00bfTienes dudas o quieres apuntarte a nuestras clases de danza? Estamos en C\u00e1diz , La Kinesfera.\" \/>\n<meta property=\"og:url\" content=\"https:\/\/lakinesfera.com\/en\/contacto\/\" \/>\n<meta property=\"og:site_name\" content=\"La Kinesfera\" \/>\n<meta property=\"article:modified_time\" content=\"2026-03-25T14:10:17+00:00\" \/>\n<meta property=\"og:image\" content=\"https:\/\/lakinesfera.com\/wp-content\/uploads\/2025\/06\/clases-de-danza.webp\" \/>\n\t<meta property=\"og:image:width\" content=\"1038\" \/>\n\t<meta property=\"og:image:height\" content=\"692\" \/>\n\t<meta property=\"og:image:type\" content=\"image\/webp\" \/>\n<meta name=\"twitter:card\" content=\"summary_large_image\" \/>\n<meta name=\"twitter:label1\" content=\"Estimated reading time\" \/>\n\t<meta name=\"twitter:data1\" content=\"1 minute\" \/>\n<script type=\"application\/ld+json\" class=\"yoast-schema-graph\">{\"@context\":\"https:\\\/\\\/schema.org\",\"@graph\":[{\"@type\":\"WebPage\",\"@id\":\"https:\\\/\\\/lakinesfera.com\\\/contacto\\\/\",\"url\":\"https:\\\/\\\/lakinesfera.com\\\/contacto\\\/\",\"name\":\"Cont\u00e1ctanos, Escuela de danza en C\u00e1diz. | La Kinesfera\",\"isPartOf\":{\"@id\":\"https:\\\/\\\/lakinesfera.com\\\/#website\"},\"primaryImageOfPage\":{\"@id\":\"https:\\\/\\\/lakinesfera.com\\\/contacto\\\/#primaryimage\"},\"image\":{\"@id\":\"https:\\\/\\\/lakinesfera.com\\\/contacto\\\/#primaryimage\"},\"thumbnailUrl\":\"https:\\\/\\\/lakinesfera.com\\\/wp-content\\\/uploads\\\/2025\\\/06\\\/clases-de-danza.webp\",\"datePublished\":\"2025-06-27T14:26:50+00:00\",\"dateModified\":\"2026-03-25T14:10:17+00:00\",\"description\":\"Cont\u00e1ctanos hoy mismo. \u00bfTienes dudas o quieres apuntarte a nuestras clases de danza? Estamos en C\u00e1diz , La Kinesfera.\",\"breadcrumb\":{\"@id\":\"https:\\\/\\\/lakinesfera.com\\\/contacto\\\/#breadcrumb\"},\"inLanguage\":\"en-GB\",\"potentialAction\":[{\"@type\":\"ReadAction\",\"target\":[\"https:\\\/\\\/lakinesfera.com\\\/contacto\\\/\"]}]},{\"@type\":\"ImageObject\",\"inLanguage\":\"en-GB\",\"@id\":\"https:\\\/\\\/lakinesfera.com\\\/contacto\\\/#primaryimage\",\"url\":\"https:\\\/\\\/lakinesfera.com\\\/wp-content\\\/uploads\\\/2025\\\/06\\\/clases-de-danza.webp\",\"contentUrl\":\"https:\\\/\\\/lakinesfera.com\\\/wp-content\\\/uploads\\\/2025\\\/06\\\/clases-de-danza.webp\",\"width\":1038,\"height\":692,\"caption\":\"La Kinesfera ballet\"},{\"@type\":\"BreadcrumbList\",\"@id\":\"https:\\\/\\\/lakinesfera.com\\\/contacto\\\/#breadcrumb\",\"itemListElement\":[{\"@type\":\"ListItem\",\"position\":1,\"name\":\"Portada\",\"item\":\"https:\\\/\\\/lakinesfera.com\\\/\"},{\"@type\":\"ListItem\",\"position\":2,\"name\":\"Contacto\"}]},{\"@type\":\"WebSite\",\"@id\":\"https:\\\/\\\/lakinesfera.com\\\/#website\",\"url\":\"https:\\\/\\\/lakinesfera.com\\\/\",\"name\":\"La Kinesfera\",\"description\":\"Escuela de Danza en C\u00e1diz\",\"publisher\":{\"@id\":\"https:\\\/\\\/lakinesfera.com\\\/#organization\"},\"alternateName\":\"La Kinesfera escuela de danza en C\u00e1diz\",\"potentialAction\":[{\"@type\":\"SearchAction\",\"target\":{\"@type\":\"EntryPoint\",\"urlTemplate\":\"https:\\\/\\\/lakinesfera.com\\\/?s={search_term_string}\"},\"query-input\":{\"@type\":\"PropertyValueSpecification\",\"valueRequired\":true,\"valueName\":\"search_term_string\"}}],\"inLanguage\":\"en-GB\"},{\"@type\":\"Organization\",\"@id\":\"https:\\\/\\\/lakinesfera.com\\\/#organization\",\"name\":\"La Kinesfera | Clases de danza\",\"alternateName\":\"La kinesfera\",\"url\":\"https:\\\/\\\/lakinesfera.com\\\/\",\"logo\":{\"@type\":\"ImageObject\",\"inLanguage\":\"en-GB\",\"@id\":\"https:\\\/\\\/lakinesfera.com\\\/#\\\/schema\\\/logo\\\/image\\\/\",\"url\":\"https:\\\/\\\/lakinesfera.com\\\/wp-content\\\/uploads\\\/2025\\\/06\\\/logo-kinesfera.svg\",\"contentUrl\":\"https:\\\/\\\/lakinesfera.com\\\/wp-content\\\/uploads\\\/2025\\\/06\\\/logo-kinesfera.svg\",\"width\":127,\"height\":29,\"caption\":\"La Kinesfera | Clases de danza\"},\"image\":{\"@id\":\"https:\\\/\\\/lakinesfera.com\\\/#\\\/schema\\\/logo\\\/image\\\/\"},\"sameAs\":[\"https:\\\/\\\/www.instagram.com\\\/espacio.lakinesfera\\\/\"]}]}<\/script>\n<!-- \/ Yoast SEO plugin. -->","yoast_head_json":{"title":"Contact us, Dance school in C\u00e1diz. | The Kinesphere","description":"Contact us today. Do you have any questions or want to sign up for our dance classes? We&#039;re located in C\u00e1diz, at La Kinesfera.","robots":{"index":"index","follow":"follow","max-snippet":"max-snippet:-1","max-image-preview":"max-image-preview:large","max-video-preview":"max-video-preview:-1"},"canonical":"https:\/\/lakinesfera.com\/en\/contacto\/","og_locale":"en_GB","og_type":"article","og_title":"Cont\u00e1ctanos, Escuela de danza en C\u00e1diz. | La Kinesfera","og_description":"Cont\u00e1ctanos hoy mismo. \u00bfTienes dudas o quieres apuntarte a nuestras clases de danza? Estamos en C\u00e1diz , La Kinesfera.","og_url":"https:\/\/lakinesfera.com\/en\/contacto\/","og_site_name":"La Kinesfera","article_modified_time":"2026-03-25T14:10:17+00:00","og_image":[{"width":1038,"height":692,"url":"https:\/\/lakinesfera.com\/wp-content\/uploads\/2025\/06\/clases-de-danza.webp","type":"image\/webp"}],"twitter_card":"summary_large_image","twitter_misc":{"Estimated reading time":"1 minute"},"schema":{"@context":"https:\/\/schema.org","@graph":[{"@type":"WebPage","@id":"https:\/\/lakinesfera.com\/contacto\/","url":"https:\/\/lakinesfera.com\/contacto\/","name":"Contact us, Dance school in C\u00e1diz. | The Kinesphere","isPartOf":{"@id":"https:\/\/lakinesfera.com\/#website"},"primaryImageOfPage":{"@id":"https:\/\/lakinesfera.com\/contacto\/#primaryimage"},"image":{"@id":"https:\/\/lakinesfera.com\/contacto\/#primaryimage"},"thumbnailUrl":"https:\/\/lakinesfera.com\/wp-content\/uploads\/2025\/06\/clases-de-danza.webp","datePublished":"2025-06-27T14:26:50+00:00","dateModified":"2026-03-25T14:10:17+00:00","description":"Contact us today. Do you have any questions or want to sign up for our dance classes? We&#039;re located in C\u00e1diz, at La Kinesfera.","breadcrumb":{"@id":"https:\/\/lakinesfera.com\/contacto\/#breadcrumb"},"inLanguage":"en-GB","potentialAction":[{"@type":"ReadAction","target":["https:\/\/lakinesfera.com\/contacto\/"]}]},{"@type":"ImageObject","inLanguage":"en-GB","@id":"https:\/\/lakinesfera.com\/contacto\/#primaryimage","url":"https:\/\/lakinesfera.com\/wp-content\/uploads\/2025\/06\/clases-de-danza.webp","contentUrl":"https:\/\/lakinesfera.com\/wp-content\/uploads\/2025\/06\/clases-de-danza.webp","width":1038,"height":692,"caption":"La Kinesfera ballet"},{"@type":"BreadcrumbList","@id":"https:\/\/lakinesfera.com\/contacto\/#breadcrumb","itemListElement":[{"@type":"ListItem","position":1,"name":"Portada","item":"https:\/\/lakinesfera.com\/"},{"@type":"ListItem","position":2,"name":"Contacto"}]},{"@type":"WebSite","@id":"https:\/\/lakinesfera.com\/#website","url":"https:\/\/lakinesfera.com\/","name":"The Kinesphere","description":"Dance School in C\u00e1diz","publisher":{"@id":"https:\/\/lakinesfera.com\/#organization"},"alternateName":"La Kinesfera escuela de danza en C\u00e1diz","potentialAction":[{"@type":"SearchAction","target":{"@type":"EntryPoint","urlTemplate":"https:\/\/lakinesfera.com\/?s={search_term_string}"},"query-input":{"@type":"PropertyValueSpecification","valueRequired":true,"valueName":"search_term_string"}}],"inLanguage":"en-GB"},{"@type":"Organization","@id":"https:\/\/lakinesfera.com\/#organization","name":"The Kinesphere | Dance Classes","alternateName":"La kinesfera","url":"https:\/\/lakinesfera.com\/","logo":{"@type":"ImageObject","inLanguage":"en-GB","@id":"https:\/\/lakinesfera.com\/#\/schema\/logo\/image\/","url":"https:\/\/lakinesfera.com\/wp-content\/uploads\/2025\/06\/logo-kinesfera.svg","contentUrl":"https:\/\/lakinesfera.com\/wp-content\/uploads\/2025\/06\/logo-kinesfera.svg","width":127,"height":29,"caption":"La Kinesfera | Clases de danza"},"image":{"@id":"https:\/\/lakinesfera.com\/#\/schema\/logo\/image\/"},"sameAs":["https:\/\/www.instagram.com\/espacio.lakinesfera\/"]}]}},"_links":{"self":[{"href":"https:\/\/lakinesfera.com\/en\/wp-json\/wp\/v2\/pages\/417","targetHints":{"allow":["GET"]}}],"collection":[{"href":"https:\/\/lakinesfera.com\/en\/wp-json\/wp\/v2\/pages"}],"about":[{"href":"https:\/\/lakinesfera.com\/en\/wp-json\/wp\/v2\/types\/page"}],"author":[{"embeddable":true,"href":"https:\/\/lakinesfera.com\/en\/wp-json\/wp\/v2\/users\/2"}],"replies":[{"embeddable":true,"href":"https:\/\/lakinesfera.com\/en\/wp-json\/wp\/v2\/comments?post=417"}],"version-history":[{"count":10,"href":"https:\/\/lakinesfera.com\/en\/wp-json\/wp\/v2\/pages\/417\/revisions"}],"predecessor-version":[{"id":1158,"href":"https:\/\/lakinesfera.com\/en\/wp-json\/wp\/v2\/pages\/417\/revisions\/1158"}],"wp:featuredmedia":[{"embeddable":true,"href":"https:\/\/lakinesfera.com\/en\/wp-json\/wp\/v2\/media\/544"}],"wp:attachment":[{"href":"https:\/\/lakinesfera.com\/en\/wp-json\/wp\/v2\/media?parent=417"}],"curies":[{"name":"wp","href":"https:\/\/api.w.org\/{rel}","templated":true}]}}